{"id":7,"date":"2019-03-31T15:54:44","date_gmt":"2019-03-31T15:54:44","guid":{"rendered":"http:\/\/tobiasteich.de\/?page_id=7"},"modified":"2019-03-31T16:00:08","modified_gmt":"2019-03-31T16:00:08","slug":"ueber-mich","status":"publish","type":"page","link":"https:\/\/tobiasteich.de\/?page_id=7","title":{"rendered":"\u00dcber mich"},"content":{"rendered":"\n<p>Hallo,<br>Ich bin der Tobi.<\/p>\n\n\n\n<p>Hier berichte ich \u00fcber meine Segelt\u00f6rns, Radtouren, L\u00e4ufe und anderen Aktivit\u00e4ten.<\/p>\n\n\n\n<p><\/p>\n\n\n\n<p><\/p>\n\n\n\n<p>Strava: <a href=\"https:\/\/www.strava.com\/athletes\/18860098\" target=\"_blank\" rel=\"noreferrer noopener\" aria-label=\" (\u00f6ffnet in neuem Tab)\">https:\/\/www.strava.com\/athletes\/18860098<\/a><\/p>\n\n\n\n<p>Instagram: <a href=\"https:\/\/www.instagram.com\/tobiturbulent\/\" target=\"_blank\" rel=\"noreferrer noopener\" aria-label=\" (\u00f6ffnet in neuem Tab)\">https:\/\/www.instagram.com\/tobiturbulent\/<\/a><\/p>\n","protected":false},"excerpt":{"rendered":"<p>Hallo,Ich bin der Tobi. Hier berichte ich \u00fcber meine Segelt\u00f6rns, Radtouren, L\u00e4ufe und anderen Aktivit\u00e4ten. Strava: https:\/\/www.strava.com\/athletes\/18860098 Instagram: https:\/\/www.instagram.com\/tobiturbulent\/<\/p>\n","protected":false},"author":1,"featured_media":0,"parent":0,"menu_order":0,"comment_status":"closed","ping_status":"closed","template":"","meta":{"footnotes":""},"class_list":["post-7","page","type-page","status-publish","hentry"],"_links":{"self":[{"href":"https:\/\/tobiasteich.de\/index.php?rest_route=\/wp\/v2\/pages\/7","targetHints":{"allow":["GET"]}}],"collection":[{"href":"https:\/\/tobiasteich.de\/index.php?rest_route=\/wp\/v2\/pages"}],"about":[{"href":"https:\/\/tobiasteich.de\/index.php?rest_route=\/wp\/v2\/types\/page"}],"author":[{"embeddable":true,"href":"https:\/\/tobiasteich.de\/index.php?rest_route=\/wp\/v2\/users\/1"}],"replies":[{"embeddable":true,"href":"https:\/\/tobiasteich.de\/index.php?rest_route=%2Fwp%2Fv2%2Fcomments&post=7"}],"version-history":[{"count":2,"href":"https:\/\/tobiasteich.de\/index.php?rest_route=\/wp\/v2\/pages\/7\/revisions"}],"predecessor-version":[{"id":9,"href":"https:\/\/tobiasteich.de\/index.php?rest_route=\/wp\/v2\/pages\/7\/revisions\/9"}],"wp:attachment":[{"href":"https:\/\/tobiasteich.de\/index.php?rest_route=%2Fwp%2Fv2%2Fmedia&parent=7"}],"curies":[{"name":"wp","href":"https:\/\/api.w.org\/{rel}","templated":true}]}}